{"id":801,"date":"2022-12-08T19:03:02","date_gmt":"2022-12-08T18:03:02","guid":{"rendered":"https:\/\/www.mowea.world\/de\/?page_id=801"},"modified":"2023-07-27T16:21:13","modified_gmt":"2023-07-27T14:21:13","slug":"job1","status":"publish","type":"page","link":"https:\/\/www.MOWEA.world\/de\/career\/job1\/","title":{"rendered":"Job1"},"content":{"rendered":"<main class=\"body-wrapper\">\r\n      \r\n  \r\n  <section class=\"my-0 px-0 \">\r\n        \r\n        <div class=\"sliding-background\"><\/div>\r\n       \r\n        \r\n      <\/section>\r\n  \r\n  \r\n  \r\n      <section class=\"my-0 sect sect--partner-intro mb-0 pb-0\">\r\n        <div class=\"container\">\r\n          <h3 class=\"text-center text-md-center text-uppercase font-weight-bold\" style=\"color:#00558f; margin-bottom:0\">Technischer Leiter (m\/w\/d) <\/h3>\r\n          \r\n         \r\n          \r\n        <\/div>\r\n        \r\n       \r\n        \r\n      <\/section>\r\n  \r\n  \r\n  \r\n  \r\n       <section>\r\n         \r\n         \r\n        <div class=\"container\">\r\n          \r\n          \r\n       \r\n          \r\n        <!--  <h4 class=\"text-center text-primary font-weight-light text-uppercase mt-2 pt-2\">Teilzeit \/ Remote ist m\u00f6glich | Berlin<\/h4> -->\r\n          \r\n          <p class=\"mt-3 pt-3\">Erneuerbaren Energien geh\u00f6rt die Zukunft \u2013 und Windkraft spielt dabei eine entscheidende\r\nRolle. Doch Windkraft ist nicht mehr ausschlie\u00dflich auf gro\u00dfe, l\u00e4ndlich gelegene Mega- und\r\nGigawattanlagen begrenzt. Auch f\u00fcr die dezentrale Energieversorgung bietet Windkraft ein\r\nenormes Potential. <br><br>\r\nMOWEA hat dazu die erste modulare, dezentrale Windkraftanlage der Welt entwickelt. Statt\r\neiner gro\u00dfen herk\u00f6mmlichen Windkraftanlage verwenden wir eine standardisierte\r\nMikrowindturbine, welche nach dem Baukastenprinzip flexibel zu einem Windsystem erweitert\r\nwerden kann, je nachdem wie viel Energie vor Ort ben\u00f6tigt wird. Derzeit kommen unsere\r\nKunden aus den Bereichen Telekommunikation, Infrastruktur und Real Estate.<br>\r\n<br>\r\n            \r\n<span style=\"color:#00558f; font-weight:bold; font-size:20px;\">Zur Verst\u00e4rkung unseres Teams suchen wir zum n\u00e4chstm\u00f6glichen\r\nZeitpunkt einen Technischen Leiter (m\/w\/d)<br><br><\/span>\r\n  \r\n  Wir legen Wert auf Deine Pers\u00f6nlichkeit und Deine fachlichen Skills. Jede:r der\/die m\u00f6chte ist\r\nbei uns herzlich willkommen, egal welches Geschlecht, welche Hautfarbe, welche Nationalit\u00e4t,\r\nwelche sexuelle Orientierung oder welche Religion.\r\nAuch Menschen mit Behinderung stellen wir gerne ein.<br><br>\r\n            \r\n<span style=\"color:#00558f; font-weight:bold; font-size:20px;\">Zu Ihren Aufgaben geh\u00f6ren<br><br><\/span>\r\n<span style=\"color:#00558f; font-size:18px; font-weight:bold;\">In dieser Rolle wirst Du folgende T\u00e4tigkeiten \u00fcbernehmen:<br><br><\/span>\r\n \r\n            \r\n\u2022 Verantwortung f\u00fcr die Abteilung Forschung & Entwicklung mit den Schwerpunkten\r\nmechanische Konstruktion, Elektrotechnik und Steuerungssoftware<br>\r\n\u2022 Verantwortung f\u00fcr die Produkt-Roadmap<br>\r\n\u2022 Verantwortung f\u00fcr die Prototypenentwicklung bis zur Herstellung der Serienreife und\r\n\u00dcbergabe in die Serienproduktion<br>\r\n\u2022 Qualit\u00e4tssicherung einschlie\u00dflich der Definition von System- und Zuverl\u00e4ssigkeitstests\r\nder Anlagen<br>\r\n\u2022 \u00dcberwachungen von Messungen und Funktionstests sowie Begleitung der\r\nanschlie\u00dfenden Inbetriebnahme der Windenergiesysteme<br>\r\n\u2022 Weiterentwicklung und regelm\u00e4\u00dfige Aktualisierung der Steuerungssoftware<br>\r\n\u2022 Sicherstellung eines Design-to-Cost Ansatzes in der Entwicklung<br>\r\n\u2022 Verantwortlich f\u00fcr die Einhaltung einschl\u00e4giger europ\u00e4ischer Normen und Richtlinien\r\n(MRL 2006\/42\/EG, VDE, VDMA, DIN\/ISO etc.)<br>\r\n\u2022 Enge Zusammenarbeit mit den Bereichen Operations und Supply Chain Management<br>\r\n\u2022 Aufbau einer Innovationswerkstatt zur Absicherung der Wettbewerbsposition<br>\r\n            \r\n            <br><br>\r\n            \r\n<span style=\"color:#00558f; font-size:18px; font-weight:bold;\">Was Sie mitbringen sollten<br><br><\/span>\r\n\r\n\u2022 Abgeschlossenes technisches Studium sowie mindestens 20 Jahre Berufserfahrung\r\nin der Entwicklung und Konstruktion komplexer mechatronischer Maschinen oder\r\nSysteme<br>\r\n\u2022 Sicherer Umgang mit EDV-Ger\u00e4ten und Systemen, vor allem Netzwerken,\r\nBussystemen, Steuerungs- und Pr\u00fcfsoftware<br>\r\n\u2022 Beherrschen der englischen und deutschen Sprache in Wort und Schrift<br>\r\n\u2022 Verst\u00e4ndnis im Umgang mit aktuellen IT-Anwendungen<br>\r\n\u2022 Umfassendes Systemverst\u00e4ndnis in den Bereichen Mechatronik, Elektronik sowie\r\nSteuerungs- und Messtechnik<br>\r\n\u2022 F\u00fchrungserfahrung von interdisziplin\u00e4ren Teams im Bereich der Forschung und\r\nEntwicklung<br>\r\n\u2022 Erfahrung in der Entwicklung und Markteinf\u00fchrung von Serienprodukten\r\nautomatisierter Systeme<br>\r\n\u2022 Sicherer Umgang mit den einschl\u00e4gigen Normen und Rechtsvorschriften im Zuge\r\neiner CE-Zertifizierung<br>\r\n\u2022 Erfahrungen im Arbeiten in einem agilen, internationalen Umfeld<br>\r\n\u2022 Idealerweise verf\u00fcgen Sie bereits \u00fcber Kenntnisse im Markt der erneuerbaren\r\nEnergien (Aufbau und Betrieb von Energieerzeugungsanlagen)<br>\r\n\u2022 Ein hohes Ma\u00df an Eigenmotivation, Einsatzbereitschaft, Durchsetzungsf\u00e4higkeit,\r\nabsolute Verl\u00e4sslichkeit sowie Kommunikationsst\u00e4rke, schnelle Reaktionsf\u00e4higkeit\r\nund ein hohes Qualit\u00e4ts- und Verantwortungsbewusstsein runden Ihr Profil ab   \r\n            \r\n            <br><br>\r\n\r\n\r\n<span style=\"color:#00558f; font-size:18px; font-weight:bold;\">Was MOWEA Ihnen bietet<br><br><\/span>\r\nMOWEA m\u00f6chte mit ihrem Angebot die Welt ein St\u00fcck besser machen und entwickelt\r\nProdukte, mit denen Sie sich identifizieren k\u00f6nnen. Wir legen viel Wert auf eine\r\nteamorientierte und agile Unternehmenskultur und sehen uns selbst als schnell wachsendes\r\nStart-Up mit herausragendem Time to Market. Als Arbeitgeber bietet MOWEA Ihnen neben\r\nflachen Hierarchien, einer teamorientierten Arbeitsatmosph\u00e4re in einem jungen und\r\ninternationalen kollegialen Umfeld Flexibilit\u00e4t und Freiheit in der Gestaltung Ihrer Projekte.\r\nWir stellen mittels regelm\u00e4\u00dfiger Feedback- und Zielvereinbarungsgespr\u00e4che sicher, dass\r\npers\u00f6nliche und Unternehmensziele im Einklang stehen und schaffen ein angenehmes und\r\nsoziales Arbeitsumfeld mit vorteilhaften Corporate Benefits. Ebenfalls bietet MOWEA, auf\r\nGrundlage des hybriden Arbeitszeit-Modells, Mitarbeitenden die M\u00f6glichkeit nach Absprache\r\naus dem Home-Office zu arbeiten.<br><br>\r\nIn dieser verantwortungsvollen F\u00fchrungsposition geh\u00f6ren Sie zum erweiterten Leadership\r\nTeam, welches die operativen Belange des Unternehmens steuert. In Ihrer Rolle nehmen Sie\r\nam ESOP-Programm der MOWEA GmbH teil.<br>\r\n<\/p>\r\n          <\/div>\r\n        <p class=\"text-center mt-5 text-uppercase font-weight-bold text-primary\"> Wir haben Ihr Interesse geweckt?<br><br>\r\nWIR FREUEN UNS AUF IHRE BEWERBUNG<\/p>\r\n         <p class=\"text-center mb-5 \">\r\n            <a\r\n              href=\"apply1\"\r\n              class=\"btn btn-light-blue rounded-pill px-3 py-2 px-md-4 py-md-3 text-light font-weight-bold text-uppercase arrow-link\"\r\n            >\r\n              <span>Bewerben ><\/span>\r\n              \r\n            <\/a>\r\n          <\/p>\r\n         \r\n         \r\n       <\/section>\r\n  \r\n  \r\n  \r\n      <!-- <section class=\"my-0 bg-light-gray sect sect--partner-bus-model\">\r\n        <div class=\"container\">\r\n          <h4 class=\"text-center text-primary sect-title\">\r\n            <span style=\"color: #5fa0d6\">B<\/span>2<span style=\"color: #3577af;\">B<\/span>2C business model\r\n          <\/h4>\r\n          <div class=\"divider size-2 mb-5 mx-auto w-30 w-md-20 w-lg-10 bg-primary\"><\/div>\r\n          <p class=\"text-center mb-4 mb-md-5\"><img decoding=\"async\" src=\"\/up4d\/build\/imgs\/b2b2c-icon.png\" alt=\"\" class=\"\" \/><\/p>\r\n          <div class=\"row\">\r\n            <div class=\"col-12 col-md-4 mb-4 mb-md-0\">\r\n              <p class=\"h4 font-weight-bold mb-4\">MOWEA<\/p>\r\n              <ul class=\"fa-icon-list\">\r\n                <li class=\"my-2\">\r\n                  <i class=\"fas fa-chevron-right text-primary\"><\/i>Guarantees the highest technical quality for the systems\r\n                <\/li>\r\n                <li class=\"my-2\">\r\n                  <i class=\"fas fa-chevron-right text-primary\"><\/i>Qualified partners through extensive training courses\r\n                <\/li>\r\n                <li class=\"my-2\">\r\n                  <i class=\"fas fa-chevron-right text-primary\"><\/i>Provides support to partners at all times\r\n                <\/li>\r\n              <\/ul>\r\n            <\/div>\r\n            <div class=\"col-12 col-md-4 mb-4 mb-md-0\">\r\n              <p class=\"h4 font-weight-bold mb-4\">Partner<\/p>\r\n              <ul class=\"fa-icon-list\">\r\n                <li class=\"my-2\">\r\n                  <i class=\"fas fa-chevron-right text-primary\"><\/i>Serves customers from consultation through to installation\r\n                <\/li>\r\n                <li class=\"my-2\">\r\n                  <i class=\"fas fa-chevron-right text-primary\"><\/i>Is represented as a local contact point\r\n                <\/li>\r\n                <li class=\"my-2\">\r\n                  <i class=\"fas fa-chevron-right text-primary\"><\/i>Receives regular training on MOWEA technologies\r\n                <\/li>\r\n              <\/ul>\r\n            <\/div>\r\n            <div class=\"col-12 col-md-4\">\r\n              <p class=\"h4 font-weight-bold mb-4\">End Consumer<\/p>\r\n              <ul class=\"fa-icon-list\">\r\n                <li class=\"my-2\">\r\n                  <i class=\"fas fa-chevron-right text-primary\"><\/i>Has local access to MOWEA systems\r\n                <\/li>\r\n                <li class=\"my-2\">\r\n                  <i class=\"fas fa-chevron-right text-primary\"><\/i>Can rely on expert advice and support\r\n                <\/li>\r\n                <li class=\"my-2\">\r\n                  <i class=\"fas fa-chevron-right text-primary\"><\/i>Will be accompanied by professional advice on permits up to the assembly\r\n                <\/li>\r\n              <\/ul>\r\n            <\/div>\r\n          <\/div>\r\n        <\/div>\r\n      <\/section> !-->\r\n      \r\n      \r\n      \r\n      \r\n      <!-- <section class=\"my-0 sect sect--partner-power\">\r\n        <div class=\"container\">\r\n          <h4 class=\"text-center sect-title\">The power of partnership<\/h4>\r\n          <div class=\"divider size-2 mb-5 mx-auto w-30 w-md-20 w-lg-10\"><\/div>\r\n          <div class=\"row mb-5\">\r\n            <div class=\"col-12 col-md order-md-2 mb-5 mb-md-0\">\r\n              <div class=\"row\">\r\n                <div class=\"col-12 col-lg-auto mb-4 mb-lg-0\">\r\n                  <p class=\"text-center text-md-left\" style=\"font-size: 3rem;line-height: 1;\">\r\n                    <i class=\"fas fa-quote-left\"><\/i>\r\n                  <\/p>\r\n                <\/div>\r\n                <div class=\"col-12 col-lg\">\r\n                  <p class=\"h3 font-weight-bold text-center text-md-left mb-3 mb-lg-4\" style=\"line-height: 3rem;\">\r\n                    Lorem ipsum\r\n                  <\/p>\r\n                  <p class=\"text-justify\">\r\n                    Lorem ipsum dolor sit amet consectetur, adipisicing elit. Eveniet, exercitationem commodi\r\n                    reiciendis, unde ullam ipsum recusandae ad sit laborum dolorem id amet laudantium autem vel\r\n                    accusamus quas reprehenderit corrupti dolor! Lorem ipsum dolor sit amet consectetur, adipisicing\r\n                    elit. Dolore architecto culpa cumque quis velit saepe odit deleniti tempore fuga tempora aspernatur,\r\n                    harum, ipsam corporis? Quis officia non similique dolorem praesentium.\r\n                  <\/p>\r\n                <\/div>\r\n              <\/div>\r\n            <\/div>\r\n            <div class=\"col-12 col-md-4\">\r\n              <p class=\"text-center w-40 mx-auto w-md-70 w-lg-auto\">\r\n                <img decoding=\"async\" src=\"\/up4d\/build\/imgs\/till-naumann.jpg\" alt=\"\" class=\"rounded-circle\" \/>\r\n              <\/p>\r\n              <p class=\"h4 font-weight-bold text-center text-uppercase\">Dr. Till Naumann<\/p>\r\n              <p class=\"text-center text-light-blue text-uppercase\">Co-founder | CEO<\/p>\r\n            <\/div>\r\n          <\/div>\r\n          <p class=\"text-center mb-0\">\r\n            <a href=\"#\" class=\"text-light font-weight-bold text-uppercase arrow-link\">\r\n              <span>Contact us<\/span>\r\n              <span class=\"arrow-link__arrow\">\r\n                <img decoding=\"async\" src=\"\/up4d\/build\/imgs\/long-arrow-right-white.png\" alt=\"\" class=\"\" \/>\r\n              <\/span>\r\n            <\/a>\r\n          <\/p>\r\n        <\/div>\r\n      <\/section> -->\r\n      <!-- <div class=\"seeder-popup\">\r\n        <p class=\"text-center\">\r\n          <a href=\"https:\/\/www.seedrs.com\/MOWEA?utm_campaign=MOWEA&utm_source=cpg\" target=\"_blank\" rel=\"noopener noreferrer\"><img decoding=\"async\" src=\"\/up4d\/build\/imgs\/seeder-popup-icon.png\" alt=\"\" class=\"\"\r\n          \/><\/a>\r\n        <\/p>\r\n      <\/div> -->\r\n    <\/main>\r\n\r\n<script>\r\n      document.addEventListener('DOMContentLoaded', function() {\r\n        var win = window;\r\n        var doc = document;\r\n        var isPrototyping = ['localhost', 'up4d.local', 'en.up4d.local'].indexOf(location.hostname) !== -1;\r\n\r\n        \/\/ jQuery('.partner-list__logo').tooltip({\r\n        \/\/   html: true,\r\n        \/\/   template:\r\n        \/\/     '<div class=\"tooltip\" role=\"tooltip\"><div class=\"arrow\"><\/div><div class=\"tooltip-inner\"><\/div><\/div>',\r\n        \/\/ });\r\n        jQuery('.slider--applications').slick({\r\n          dots: false,\r\n          arrows: true,\r\n          nextArrow: '.applications-slider__btn--next',\r\n          prevArrow: '.applications-slider__btn--prev',\r\n\r\n          autoplay: false,\r\n          autoplaySpeed: 5000,\r\n          infinite: true,\r\n          slidesToShow: 1,\r\n          slidesToScroll: 1,\r\n\r\n          centerMode: true,\r\n          centerPadding: '30px',\r\n          focusOnSelect: true,\r\n          variableWidth: true,\r\n\r\n          responsive: [\r\n            \/\/ {\r\n            \/\/   breakpoint: 1000,\r\n            \/\/   settings: {\r\n            \/\/     arrows: true,\r\n            \/\/     slidesToShow: 1,\r\n            \/\/   },\r\n            \/\/ },\r\n            {\r\n              breakpoint: 769,\r\n              settings: {\r\n                autoplay: true,\r\n                arrows: false,\r\n                slidesToShow: 2,\r\n                centerMode: false,\r\n                variableWidth: false,\r\n              },\r\n            },\r\n            {\r\n              breakpoint: 500,\r\n              settings: {\r\n                autoplay: true,\r\n                arrows: false,\r\n                slidesToShow: 1,\r\n                centerMode: false,\r\n                variableWidth: false,\r\n              },\r\n            },\r\n            {\r\n              breakpoint: 300,\r\n              settings: {\r\n                autoplay: true,\r\n                arrows: false,\r\n                slidesToShow: 1,\r\n                centerMode: false,\r\n                variableWidth: false,\r\n              },\r\n            },\r\n          ],\r\n        });\r\n      });\r\n    <\/script>","protected":false},"excerpt":{"rendered":"<p> [&#8230;]<\/p>\n<p><a class=\"btn btn-secondary understrap-read-more-link\" href=\"https:\/\/www.MOWEA.world\/de\/career\/job1\/\">Weiterlesen&#8230;<span class=\"screen-reader-text\"> from Job1<\/span><\/a><\/p>\n","protected":false},"author":1,"featured_media":0,"parent":799,"menu_order":0,"comment_status":"closed","ping_status":"closed","template":"page-templates\/empty.php","meta":{"content-type":"","_monsterinsights_skip_tracking":false,"_monsterinsights_sitenote_active":false,"_monsterinsights_sitenote_note":"","_monsterinsights_sitenote_category":0,"_uf_show_specific_survey":0,"_uf_disable_surveys":false,"footnotes":""},"class_list":["post-801","page","type-page","status-publish","hentry"],"aioseo_notices":[],"yoast_head":"<!-- This site is optimized with the Yoast SEO plugin v23.1 - https:\/\/yoast.com\/wordpress\/plugins\/seo\/ -->\n<title>Job1 &#183; MOWEA GmbH (DE)<\/title>\n<meta name=\"description\" content=\"MOWEA ist ein Spin-off der technischen Universit\u00e4t Berlin und hat ein innovatives modulares Windenergiesystem entwickelt, wodurch eine flexible, energie- und kosteneffiziente Energieerzeugung durch Windkraft f\u00fcr verschiedene Anwendungen m\u00f6glich wird.\" \/>\n<meta name=\"robots\" content=\"index, follow, max-snippet:-1, max-image-preview:large, max-video-preview:-1\" \/>\n<link rel=\"canonical\" href=\"https:\/\/www.MOWEA.world\/de\/career\/job1\/\" \/>\n<meta property=\"og:locale\" content=\"de_DE\" \/>\n<meta property=\"og:type\" content=\"article\" \/>\n<meta property=\"og:title\" content=\"Job1 &#183; MOWEA GmbH (DE)\" \/>\n<meta property=\"og:description\" content=\"MOWEA ist ein Spin-off der technischen Universit\u00e4t Berlin und hat ein innovatives modulares Windenergiesystem entwickelt, wodurch eine flexible, energie- und kosteneffiziente Energieerzeugung durch Windkraft f\u00fcr verschiedene Anwendungen m\u00f6glich wird.\" \/>\n<meta property=\"og:url\" content=\"https:\/\/www.MOWEA.world\/de\/career\/job1\/\" \/>\n<meta property=\"og:site_name\" content=\"MOWEA GmbH (DE)\" \/>\n<meta property=\"article:publisher\" content=\"https:\/\/www.facebook.com\/MOWEAenergy\/\" \/>\n<meta property=\"article:modified_time\" content=\"2023-07-27T14:21:13+00:00\" \/>\n<meta property=\"og:image\" content=\"https:\/\/www.MOWEA.world\/de\/wp-content\/uploads\/sites\/2\/2019\/11\/MOWEA-meta.jpg\" \/>\n\t<meta property=\"og:image:width\" content=\"1200\" \/>\n\t<meta property=\"og:image:height\" content=\"627\" \/>\n\t<meta property=\"og:image:type\" content=\"image\/jpeg\" \/>\n<meta name=\"twitter:card\" content=\"summary_large_image\" \/>\n<meta name=\"twitter:site\" content=\"@MOWEAWind\" \/>\n<script type=\"application\/ld+json\" class=\"yoast-schema-graph\">{\"@context\":\"https:\/\/schema.org\",\"@graph\":[{\"@type\":\"WebPage\",\"@id\":\"https:\/\/www.MOWEA.world\/de\/career\/job1\/\",\"url\":\"https:\/\/www.MOWEA.world\/de\/career\/job1\/\",\"name\":\"Job1 &#183; MOWEA GmbH (DE)\",\"isPartOf\":{\"@id\":\"https:\/\/www.MOWEA.world\/de\/#website\"},\"datePublished\":\"2022-12-08T18:03:02+00:00\",\"dateModified\":\"2023-07-27T14:21:13+00:00\",\"description\":\"MOWEA ist ein Spin-off der technischen Universit\u00e4t Berlin und hat ein innovatives modulares Windenergiesystem entwickelt, wodurch eine flexible, energie- und kosteneffiziente Energieerzeugung durch Windkraft f\u00fcr verschiedene Anwendungen m\u00f6glich wird.\",\"breadcrumb\":{\"@id\":\"https:\/\/www.MOWEA.world\/de\/career\/job1\/#breadcrumb\"},\"inLanguage\":\"de-DE\",\"potentialAction\":[{\"@type\":\"ReadAction\",\"target\":[\"https:\/\/www.MOWEA.world\/de\/career\/job1\/\"]}]},{\"@type\":\"BreadcrumbList\",\"@id\":\"https:\/\/www.MOWEA.world\/de\/career\/job1\/#breadcrumb\",\"itemListElement\":[{\"@type\":\"ListItem\",\"position\":1,\"name\":\"Startseite\",\"item\":\"https:\/\/www.MOWEA.world\/de\/\"},{\"@type\":\"ListItem\",\"position\":2,\"name\":\"Career\",\"item\":\"https:\/\/www.MOWEA.world\/de\/career\/\"},{\"@type\":\"ListItem\",\"position\":3,\"name\":\"Job1\"}]},{\"@type\":\"WebSite\",\"@id\":\"https:\/\/www.MOWEA.world\/de\/#website\",\"url\":\"https:\/\/www.MOWEA.world\/de\/\",\"name\":\"MOWEA GmbH (DE)\",\"description\":\"MOWEA - Wind Energy for Everyone\",\"publisher\":{\"@id\":\"https:\/\/www.MOWEA.world\/de\/#organization\"},\"potentialAction\":[{\"@type\":\"SearchAction\",\"target\":{\"@type\":\"EntryPoint\",\"urlTemplate\":\"https:\/\/www.MOWEA.world\/de\/?s={search_term_string}\"},\"query-input\":\"required name=search_term_string\"}],\"inLanguage\":\"de-DE\"},{\"@type\":\"Organization\",\"@id\":\"https:\/\/www.MOWEA.world\/de\/#organization\",\"name\":\"MOWEA GmbH\",\"url\":\"https:\/\/www.MOWEA.world\/de\/\",\"logo\":{\"@type\":\"ImageObject\",\"inLanguage\":\"de-DE\",\"@id\":\"https:\/\/www.MOWEA.world\/de\/#\/schema\/logo\/image\/\",\"url\":\"https:\/\/www.MOWEA.world\/de\/wp-content\/uploads\/sites\/2\/2017\/02\/MOWEA-logo-retina.png\",\"contentUrl\":\"https:\/\/www.MOWEA.world\/de\/wp-content\/uploads\/sites\/2\/2017\/02\/MOWEA-logo-retina.png\",\"width\":310,\"height\":240,\"caption\":\"MOWEA GmbH\"},\"image\":{\"@id\":\"https:\/\/www.MOWEA.world\/de\/#\/schema\/logo\/image\/\"},\"sameAs\":[\"https:\/\/www.facebook.com\/MOWEAenergy\/\",\"https:\/\/x.com\/MOWEAWind\",\"https:\/\/www.instagram.com\/MOWEAwindcompany\/\",\"https:\/\/www.linkedin.com\/company\/MOWEA-world\/\"]}]}<\/script>\n<!-- \/ Yoast SEO plugin. -->","yoast_head_json":{"title":"Job1 &#183; MOWEA GmbH (DE)","description":"MOWEA ist ein Spin-off der technischen Universit\u00e4t Berlin und hat ein innovatives modulares Windenergiesystem entwickelt, wodurch eine flexible, energie- und kosteneffiziente Energieerzeugung durch Windkraft f\u00fcr verschiedene Anwendungen m\u00f6glich wird.","robots":{"index":"index","follow":"follow","max-snippet":"max-snippet:-1","max-image-preview":"max-image-preview:large","max-video-preview":"max-video-preview:-1"},"canonical":"https:\/\/www.MOWEA.world\/de\/career\/job1\/","og_locale":"de_DE","og_type":"article","og_title":"Job1 &#183; MOWEA GmbH (DE)","og_description":"MOWEA ist ein Spin-off der technischen Universit\u00e4t Berlin und hat ein innovatives modulares Windenergiesystem entwickelt, wodurch eine flexible, energie- und kosteneffiziente Energieerzeugung durch Windkraft f\u00fcr verschiedene Anwendungen m\u00f6glich wird.","og_url":"https:\/\/www.MOWEA.world\/de\/career\/job1\/","og_site_name":"MOWEA GmbH (DE)","article_publisher":"https:\/\/www.facebook.com\/MOWEAenergy\/","article_modified_time":"2023-07-27T14:21:13+00:00","og_image":[{"width":1200,"height":627,"url":"https:\/\/www.MOWEA.world\/de\/wp-content\/uploads\/sites\/2\/2019\/11\/MOWEA-meta.jpg","type":"image\/jpeg"}],"twitter_card":"summary_large_image","twitter_site":"@MOWEAWind","schema":{"@context":"https:\/\/schema.org","@graph":[{"@type":"WebPage","@id":"https:\/\/www.MOWEA.world\/de\/career\/job1\/","url":"https:\/\/www.MOWEA.world\/de\/career\/job1\/","name":"Job1 &#183; MOWEA GmbH (DE)","isPartOf":{"@id":"https:\/\/www.MOWEA.world\/de\/#website"},"datePublished":"2022-12-08T18:03:02+00:00","dateModified":"2023-07-27T14:21:13+00:00","description":"MOWEA ist ein Spin-off der technischen Universit\u00e4t Berlin und hat ein innovatives modulares Windenergiesystem entwickelt, wodurch eine flexible, energie- und kosteneffiziente Energieerzeugung durch Windkraft f\u00fcr verschiedene Anwendungen m\u00f6glich wird.","breadcrumb":{"@id":"https:\/\/www.MOWEA.world\/de\/career\/job1\/#breadcrumb"},"inLanguage":"de-DE","potentialAction":[{"@type":"ReadAction","target":["https:\/\/www.MOWEA.world\/de\/career\/job1\/"]}]},{"@type":"BreadcrumbList","@id":"https:\/\/www.MOWEA.world\/de\/career\/job1\/#breadcrumb","itemListElement":[{"@type":"ListItem","position":1,"name":"Startseite","item":"https:\/\/www.MOWEA.world\/de\/"},{"@type":"ListItem","position":2,"name":"Career","item":"https:\/\/www.MOWEA.world\/de\/career\/"},{"@type":"ListItem","position":3,"name":"Job1"}]},{"@type":"WebSite","@id":"https:\/\/www.MOWEA.world\/de\/#website","url":"https:\/\/www.MOWEA.world\/de\/","name":"MOWEA GmbH (DE)","description":"MOWEA - Wind Energy for Everyone","publisher":{"@id":"https:\/\/www.MOWEA.world\/de\/#organization"},"potentialAction":[{"@type":"SearchAction","target":{"@type":"EntryPoint","urlTemplate":"https:\/\/www.MOWEA.world\/de\/?s={search_term_string}"},"query-input":"required name=search_term_string"}],"inLanguage":"de-DE"},{"@type":"Organization","@id":"https:\/\/www.MOWEA.world\/de\/#organization","name":"MOWEA GmbH","url":"https:\/\/www.MOWEA.world\/de\/","logo":{"@type":"ImageObject","inLanguage":"de-DE","@id":"https:\/\/www.MOWEA.world\/de\/#\/schema\/logo\/image\/","url":"https:\/\/www.MOWEA.world\/de\/wp-content\/uploads\/sites\/2\/2017\/02\/MOWEA-logo-retina.png","contentUrl":"https:\/\/www.MOWEA.world\/de\/wp-content\/uploads\/sites\/2\/2017\/02\/MOWEA-logo-retina.png","width":310,"height":240,"caption":"MOWEA GmbH"},"image":{"@id":"https:\/\/www.MOWEA.world\/de\/#\/schema\/logo\/image\/"},"sameAs":["https:\/\/www.facebook.com\/MOWEAenergy\/","https:\/\/x.com\/MOWEAWind","https:\/\/www.instagram.com\/MOWEAwindcompany\/","https:\/\/www.linkedin.com\/company\/MOWEA-world\/"]}]}},"_links":{"self":[{"href":"https:\/\/www.MOWEA.world\/de\/wp-json\/wp\/v2\/pages\/801"}],"collection":[{"href":"https:\/\/www.MOWEA.world\/de\/wp-json\/wp\/v2\/pages"}],"about":[{"href":"https:\/\/www.MOWEA.world\/de\/wp-json\/wp\/v2\/types\/page"}],"author":[{"embeddable":true,"href":"https:\/\/www.MOWEA.world\/de\/wp-json\/wp\/v2\/users\/1"}],"replies":[{"embeddable":true,"href":"https:\/\/www.MOWEA.world\/de\/wp-json\/wp\/v2\/comments?post=801"}],"version-history":[{"count":2,"href":"https:\/\/www.MOWEA.world\/de\/wp-json\/wp\/v2\/pages\/801\/revisions"}],"predecessor-version":[{"id":803,"href":"https:\/\/www.MOWEA.world\/de\/wp-json\/wp\/v2\/pages\/801\/revisions\/803"}],"up":[{"embeddable":true,"href":"https:\/\/www.MOWEA.world\/de\/wp-json\/wp\/v2\/pages\/799"}],"wp:attachment":[{"href":"https:\/\/www.MOWEA.world\/de\/wp-json\/wp\/v2\/media?parent=801"}],"curies":[{"name":"wp","href":"https:\/\/api.w.org\/{rel}","templated":true}]}}